{"id":1301,"date":"2021-10-07T09:07:23","date_gmt":"2021-10-07T09:07:23","guid":{"rendered":"https:\/\/kiwipassion.it\/organic\/"},"modified":"2022-01-17T16:23:24","modified_gmt":"2022-01-17T16:23:24","slug":"organic","status":"publish","type":"page","link":"https:\/\/kiwipassion.it\/es\/organic\/","title":{"rendered":"Organic"},"content":{"rendered":"<div class=\"wpb-content-wrapper\"><p>[vc_row css_animation=\u00bb\u00bb row_type=\u00bbrow\u00bb use_row_as_full_screen_section=\u00bbno\u00bb type=\u00bbfull_width\u00bb angled_section=\u00bbno\u00bb text_align=\u00bbleft\u00bb background_image_as_pattern=\u00bbwithout_pattern\u00bb css=\u00bb.vc_custom_1633344693523{background-color: #ffffff !important;}\u00bb z_index=\u00bb\u00bb][vc_column][vc_empty_space height=\u00bb15px\u00bb]\n\t\t\t<!-- START Organic REVOLUTION SLIDER 6.7.21 --><p class=\"rs-p-wp-fix\"><\/p>\n\t\t\t<rs-module-wrap id=\"rev_slider_6_1_wrapper\" data-source=\"gallery\" style=\"visibility:hidden;background:transparent;padding:0;\">\n\t\t\t\t<rs-module id=\"rev_slider_6_1\" style=\"\" data-version=\"6.7.21\">\n\t\t\t\t\t<rs-slides style=\"overflow: hidden; position: absolute;\">\n\t\t\t\t\t\t<rs-slide style=\"position: absolute;\" data-key=\"rs-31\" data-title=\"Slide\" data-anim=\"adpr:false;\" data-in=\"o:0;\" data-out=\"a:false;\">\n\t\t\t\t\t\t\t<img decoding=\"async\" src=\"\/\/kiwipassion.it\/wp-content\/plugins\/revslider\/sr6\/assets\/assets\/dummy.png\" alt=\"organic-slide\" title=\"organic-slide\" width=\"1920\" height=\"1080\" class=\"rev-slidebg tp-rs-img rs-lazyload\" data-lazyload=\"\/\/kiwipassion.it\/wp-content\/uploads\/2021\/10\/organic-slide.jpg\" data-no-retina>\n<!--\n\t\t\t\t\t\t\t--><rs-layer\n\t\t\t\t\t\t\t\tid=\"slider-6-slide-31-layer-0\" \n\t\t\t\t\t\t\t\tdata-type=\"image\"\n\t\t\t\t\t\t\t\tdata-rsp_ch=\"on\"\n\t\t\t\t\t\t\t\tdata-xy=\"xo:1320px,1320px,480px,280px;yo:920px,920px,340px,600px;\"\n\t\t\t\t\t\t\t\tdata-text=\"w:normal;s:20,20,7,4;l:0,0,9,6;\"\n\t\t\t\t\t\t\t\tdata-dim=\"w:50px,50px,50px,40px;h:50px,50px,50px,40px;\"\n\t\t\t\t\t\t\t\tdata-vbility=\"t,t,t,f\"\n\t\t\t\t\t\t\t\tdata-frame_1=\"e:power4.inOut;st:100;sR:100;\"\n\t\t\t\t\t\t\t\tdata-frame_999=\"o:0;st:w;sR:8600;\"\n\t\t\t\t\t\t\t\tdata-frame_hover=\"sX:2;sY:2;\"\n\t\t\t\t\t\t\t\tstyle=\"z-index:9;\"\n\t\t\t\t\t\t\t><img decoding=\"async\" src=\"\/\/kiwipassion.it\/wp-content\/plugins\/revslider\/sr6\/assets\/assets\/dummy.png\" alt=\"Facebook icon\" class=\"tp-rs-img rs-lazyload\" width=\"600\" height=\"600\" data-lazyload=\"\/\/kiwipassion.it\/wp-content\/uploads\/2021\/10\/facebook.png\" data-no-retina> \n\t\t\t\t\t\t\t<\/rs-layer><!--\n\n\t\t\t\t\t\t\t--><rs-layer\n\t\t\t\t\t\t\t\tid=\"slider-6-slide-31-layer-1\" \n\t\t\t\t\t\t\t\tdata-type=\"image\"\n\t\t\t\t\t\t\t\tdata-rsp_ch=\"on\"\n\t\t\t\t\t\t\t\tdata-xy=\"xo:1380px,1380px,540px,340px;yo:920px,920px,340px,600px;\"\n\t\t\t\t\t\t\t\tdata-text=\"w:normal;s:20,20,7,4;l:0,0,9,6;\"\n\t\t\t\t\t\t\t\tdata-dim=\"w:50px,50px,50px,40px;h:50px,50px,50px,40px;\"\n\t\t\t\t\t\t\t\tdata-vbility=\"t,t,t,f\"\n\t\t\t\t\t\t\t\tdata-frame_1=\"e:power4.inOut;st:400;sR:400;\"\n\t\t\t\t\t\t\t\tdata-frame_999=\"o:0;st:w;sR:8300;\"\n\t\t\t\t\t\t\t\tdata-frame_hover=\"sX:2;sY:2;\"\n\t\t\t\t\t\t\t\tstyle=\"z-index:10;\"\n\t\t\t\t\t\t\t><img decoding=\"async\" src=\"\/\/kiwipassion.it\/wp-content\/plugins\/revslider\/sr6\/assets\/assets\/dummy.png\" alt=\"Instagram icon\" class=\"tp-rs-img rs-lazyload\" width=\"600\" height=\"600\" data-lazyload=\"\/\/kiwipassion.it\/wp-content\/uploads\/2021\/10\/instagram-1.png\" data-no-retina> \n\t\t\t\t\t\t\t<\/rs-layer><!--\n\n\t\t\t\t\t\t\t--><rs-layer\n\t\t\t\t\t\t\t\tid=\"slider-6-slide-31-layer-2\" \n\t\t\t\t\t\t\t\tdata-type=\"image\"\n\t\t\t\t\t\t\t\tdata-rsp_ch=\"on\"\n\t\t\t\t\t\t\t\tdata-xy=\"xo:1440px,1440px,600px,400px;yo:920px,920px,340px,600px;\"\n\t\t\t\t\t\t\t\tdata-text=\"w:normal;s:20,20,7,4;l:0,0,9,6;\"\n\t\t\t\t\t\t\t\tdata-dim=\"w:50px,50px,50px,40px;h:50px,50px,50px,40px;\"\n\t\t\t\t\t\t\t\tdata-vbility=\"t,t,t,f\"\n\t\t\t\t\t\t\t\tdata-frame_1=\"e:power4.inOut;st:700;sR:700;\"\n\t\t\t\t\t\t\t\tdata-frame_999=\"o:0;st:w;sR:8000;\"\n\t\t\t\t\t\t\t\tdata-frame_hover=\"sX:2;sY:2;\"\n\t\t\t\t\t\t\t\tstyle=\"z-index:11;\"\n\t\t\t\t\t\t\t><img decoding=\"async\" src=\"\/\/kiwipassion.it\/wp-content\/plugins\/revslider\/sr6\/assets\/assets\/dummy.png\" alt=\"\" class=\"tp-rs-img rs-lazyload\" width=\"600\" height=\"600\" data-lazyload=\"\/\/kiwipassion.it\/wp-content\/uploads\/2021\/10\/linkedin-1.png\" data-no-retina> \n\t\t\t\t\t\t\t<\/rs-layer><!--\n\n\t\t\t\t\t\t\t--><rs-layer\n\t\t\t\t\t\t\t\tid=\"slider-6-slide-31-layer-3\" \n\t\t\t\t\t\t\t\tdata-type=\"text\"\n\t\t\t\t\t\t\t\tdata-rsp_ch=\"on\"\n\t\t\t\t\t\t\t\tdata-xy=\"x:c;xo:-190px,-190px,-76px,-80px;y:m;yo:0,0,0,-120px;\"\n\t\t\t\t\t\t\t\tdata-text=\"w:normal;s:90,90,36,50;l:94,94,37,52;\"\n\t\t\t\t\t\t\t\tdata-frame_1=\"e:power4.inOut;st:1000;sp:2000;sR:1000;\"\n\t\t\t\t\t\t\t\tdata-frame_999=\"o:0;st:w;sR:6000;\"\n\t\t\t\t\t\t\t\tstyle=\"z-index:12;font-family:'Noto Serif';text-transform:uppercase;\"\n\t\t\t\t\t\t\t>ORGANIC<br \/>\nPassion \n\t\t\t\t\t\t\t<\/rs-layer><!--\n\n\t\t\t\t\t\t\t--><rs-layer\n\t\t\t\t\t\t\t\tid=\"slider-6-slide-31-layer-4\" \n\t\t\t\t\t\t\t\tdata-type=\"text\"\n\t\t\t\t\t\t\t\tdata-rsp_ch=\"on\"\n\t\t\t\t\t\t\t\tdata-xy=\"x:c;xo:-117px,-117px,-47px,0;y:m;yo:240px,240px,97px,20px;\"\n\t\t\t\t\t\t\t\tdata-text=\"w:normal;s:60,60,24,30;l:64,64,25,34;fw:300;\"\n\t\t\t\t\t\t\t\tdata-dim=\"w:auto,auto,auto,377px;\"\n\t\t\t\t\t\t\t\tdata-frame_0=\"x:50,50,19,11;\"\n\t\t\t\t\t\t\t\tdata-frame_1=\"st:2020;sp:1000;sR:2020;\"\n\t\t\t\t\t\t\t\tdata-frame_999=\"o:0;st:w;sR:5980;\"\n\t\t\t\t\t\t\t\tstyle=\"z-index:13;font-family:'Montserrat';text-transform:uppercase;\"\n\t\t\t\t\t\t\t>A\u00fan m\u00e1s bueno, <br \/>\nincluso con <br \/>\nel planeta \n\t\t\t\t\t\t\t<\/rs-layer><!--\n\n\t\t\t\t\t\t\t--><rs-layer\n\t\t\t\t\t\t\t\tid=\"slider-6-slide-31-layer-5\" \n\t\t\t\t\t\t\t\tdata-type=\"shape\"\n\t\t\t\t\t\t\t\tdata-rsp_ch=\"on\"\n\t\t\t\t\t\t\t\tdata-xy=\"x:c;y:m;\"\n\t\t\t\t\t\t\t\tdata-text=\"w:normal;s:20,20,7,4;l:0,0,9,6;\"\n\t\t\t\t\t\t\t\tdata-dim=\"w:100%;h:100%;\"\n\t\t\t\t\t\t\t\tdata-basealign=\"slide\"\n\t\t\t\t\t\t\t\tdata-frame_999=\"o:0;st:w;sR:8700;\"\n\t\t\t\t\t\t\t\tstyle=\"z-index:8;background-color:rgba(0,0,0,0.2);\"\n\t\t\t\t\t\t\t> \n\t\t\t\t\t\t\t<\/rs-layer><!--\n-->\t\t\t\t\t<\/rs-slide>\n\t\t\t\t\t<\/rs-slides>\n\t\t\t\t<\/rs-module>\n\t\t\t\t<script>\n\t\t\t\t\tsetREVStartSize({c: 'rev_slider_6_1',rl:[1240,1240,778,480],el:[1080,1080,400,720],gw:[1920,1920,778,480],gh:[1080,1080,400,720],type:'standard',justify:'',layout:'fullscreen',offsetContainer:' .fusion-header-wrapper ',offset:'16%',mh:\"0\"});if (window.RS_MODULES!==undefined && window.RS_MODULES.modules!==undefined && window.RS_MODULES.modules[\"revslider61\"]!==undefined) {window.RS_MODULES.modules[\"revslider61\"].once = false;window.revapi6 = undefined;if (window.RS_MODULES.checkMinimal!==undefined) window.RS_MODULES.checkMinimal()}\n\t\t\t\t<\/script>\n\t\t\t<\/rs-module-wrap>\n\t\t\t<!-- END REVOLUTION SLIDER -->\n[vc_empty_space height=\u00bb15px\u00bb][\/vc_column][\/vc_row][vc_row css_animation=\u00bb\u00bb row_type=\u00bbrow\u00bb use_row_as_full_screen_section=\u00bbno\u00bb type=\u00bbgrid\u00bb angled_section=\u00bbno\u00bb text_align=\u00bbleft\u00bb background_image_as_pattern=\u00bbwithout_pattern\u00bb z_index=\u00bb\u00bb css=\u00bb.vc_custom_1633598859271{padding-top: 30px !important;background-color: #3fa535 !important;}\u00bb el_class=\u00bbpb-65&#8243;][vc_column][vc_row_inner row_type=\u00bbrow\u00bb type=\u00bbfull_width\u00bb text_align=\u00bbleft\u00bb css_animation=\u00bb\u00bb el_class=\u00bbtxt-white\u00bb][vc_column_inner width=\u00bb1\/6&#8243;][\/vc_column_inner][vc_column_inner width=\u00bb2\/3&#8243;][vc_column_text el_class=\u00bbtitoletto\u00bb]Organic[\/vc_column_text][vc_column_text el_class=\u00bbtitle-60&#8243;]<\/p>\n<h1>UN BIEN PARA NOSOTROS;<br \/>\nUN BIEN PARA EL PLANETA.<\/h1>\n<p>[\/vc_column_text][vc_empty_space height=\u00bb30px\u00bb][vc_column_text el_class=\u00bbh2-min\u00bb]<\/p>\n<h2>Nuestro respeto por la tierra crece con los frutos que cultivamos y los acompa\u00f1a hasta el final. Nos empe\u00f1amos en reducir al m\u00ednimo el impacto de nuestras acciones en el medio ambiente y promover un modelo de conducta responsable, en l\u00ednea con las tendencias globales y las expectativas de los consumidores.<br \/>\nSostenibilidad para nosotros significa cultivar s\u00f3lo frutos de calidad, sanos y nutrientes, optimizando el uso de los recursos h\u00eddricos y energ\u00e9ticos, gracias tambi\u00e9n a la innovaci\u00f3n. Un compromiso que renovamos promoviendo la actividad de nuestros agricultores y ayud\u00e1ndoles a crecer al igual que sus frutos.<\/h2>\n<p>[\/vc_column_text][\/vc_column_inner][vc_column_inner width=\u00bb1\/6&#8243;][\/vc_column_inner][\/vc_row_inner][\/vc_column][\/vc_row][vc_row css_animation=\u00bb\u00bb row_type=\u00bbrow\u00bb use_row_as_full_screen_section=\u00bbno\u00bb type=\u00bbfull_width\u00bb angled_section=\u00bbno\u00bb text_align=\u00bbleft\u00bb background_image_as_pattern=\u00bbwithout_pattern\u00bb background_image=\u00bb957&#8243; el_class=\u00bbparallax-sottile\u00bb z_index=\u00bb\u00bb][vc_column][vc_empty_space][\/vc_column][\/vc_row][vc_row css_animation=\u00bb\u00bb row_type=\u00bbrow\u00bb use_row_as_full_screen_section=\u00bbno\u00bb type=\u00bbgrid\u00bb angled_section=\u00bbno\u00bb text_align=\u00bbleft\u00bb background_image_as_pattern=\u00bbwithout_pattern\u00bb el_class=\u00bbbg-verde\u00bb z_index=\u00bb\u00bb css=\u00bb.vc_custom_1633599872318{padding-top: 55px !important;}\u00bb][vc_column][vc_row_inner row_type=\u00bbrow\u00bb type=\u00bbfull_width\u00bb text_align=\u00bbleft\u00bb css_animation=\u00bb\u00bb][vc_column_inner width=\u00bb1\/6&#8243;][\/vc_column_inner][vc_column_inner width=\u00bb2\/3&#8243;][vc_column_text el_class=\u00bbtitolone txt-up txt-white\u00bb]100%<br \/>\nNATURAL[\/vc_column_text][vc_empty_space height=\u00bb50px\u00bb][vc_column_text]<img decoding=\"async\" class=\"wp-image-465 size-medium aligncenter\" src=\"\/wp-content\/uploads\/2021\/10\/kiwi-meta.png\" alt=\"\" width=\"1000\" height=\"auto\" \/>[\/vc_column_text][\/vc_column_inner][vc_column_inner width=\u00bb1\/6&#8243;][\/vc_column_inner][\/vc_row_inner][vc_row_inner row_type=\u00bbrow\u00bb type=\u00bbfull_width\u00bb text_align=\u00bbleft\u00bb css_animation=\u00bb\u00bb el_class=\u00bbpb-50&#8243;][vc_column_inner width=\u00bb1\/6&#8243;][\/vc_column_inner][vc_column_inner width=\u00bb2\/3&#8243;][vc_empty_space height=\u00bb30px\u00bb][vc_column_text]Kiwi Passion&#x2122; trabaja en el respeto de los recursos naturales, adoptando soluciones que consideren el impacto en el ambiente que nos rodea. Una forma de gratitud que deseamos demostrar tambi\u00e9n a trav\u00e9s de un compromiso responsable frente a la colectividad.<\/p>\n<p>&nbsp;<\/p>\n<p>\u2022 <strong> Materiales reciclables y sostenibles <\/strong> para nuestros envases.<br \/>\n\u2022 <strong>Fonti rinnovabili<\/strong> para la energ\u00eda que utilizamos.<br \/>\n\u2022 <strong> Optimizaci\u00f3n de los sistemas de riego <\/strong> para no derrochar un recurso precioso.<br \/>\n\u2022 <strong> Cultivos que respetan las normas <\/strong> con el uso de sustancias naturales sin productos sint\u00e9ticos, sin pesticidas ni fertilizantes qu\u00edmicos, para promover una lucha integrada contra las plagas.[\/vc_column_text][\/vc_column_inner][vc_column_inner width=\u00bb1\/6&#8243;][\/vc_column_inner][\/vc_row_inner][vc_row_inner row_type=\u00bbrow\u00bb type=\u00bbfull_width\u00bb text_align=\u00bbleft\u00bb css_animation=\u00bb\u00bb el_class=\u00bbpb-50&#8243;][vc_column_inner css=\u00bb.vc_custom_1633599941903{padding-right: 0px !important;padding-left: 0px !important;}\u00bb][vc_separator type=\u00bbnormal\u00bb color=\u00bb#ffffff\u00bb transparency=\u00bb1&#8243; thickness=\u00bb2&#8243; up=\u00bb0&#8243; down=\u00bb0&#8243;][\/vc_column_inner][\/vc_row_inner][vc_row_inner row_type=\u00bbrow\u00bb type=\u00bbfull_width\u00bb text_align=\u00bbleft\u00bb css_animation=\u00bb\u00bb css=\u00bb.vc_custom_1633428379506{background-image: url(https:\/\/kiwipassion.it\/wp-content\/uploads\/2021\/10\/foglie-bg.png?id=142) !important;}\u00bb el_class=\u00bbfoglie-bg\u00bb][vc_column_inner width=\u00bb1\/6&#8243;][\/vc_column_inner][vc_column_inner width=\u00bb2\/3&#8243;][vc_column_text el_class=\u00bbtitolone txt-up txt-white\u00bb]En armon\u00eda<br \/>\ncon la naturaleza,[\/vc_column_text][vc_empty_space height=\u00bb50px\u00bb][vc_column_text]<img loading=\"lazy\" decoding=\"async\" class=\"aligncenter wp-image-147\" src=\"\/wp-content\/uploads\/2021\/10\/kiwi-armonia.png\" alt=\"\" width=\"540\" height=\"460\" \/>[\/vc_column_text][\/vc_column_inner][vc_column_inner width=\u00bb1\/6&#8243;][\/vc_column_inner][\/vc_row_inner][vc_row_inner row_type=\u00bbrow\u00bb type=\u00bbfull_width\u00bb text_align=\u00bbleft\u00bb css_animation=\u00bb\u00bb el_class=\u00bbpb-100&#8243;][vc_column_inner width=\u00bb1\/6&#8243;][\/vc_column_inner][vc_column_inner width=\u00bb2\/3&#8243;][vc_empty_space height=\u00bb30px\u00bb][vc_column_text]Kiwi passion&#x2122; dedica buena parte de la producci\u00f3n de sus variedades al cultivo biol\u00f3gico, practicado en pleno respeto de la naturaleza.<br \/>\nGracias a un detallado manual de calidad y siguiendo meticulosamente las normativas europeas, podemos ofrecer a los clientes y a los consumidores finales un fruto natural, sano y exquisito.[\/vc_column_text][\/vc_column_inner][vc_column_inner width=\u00bb1\/6&#8243;][\/vc_column_inner][\/vc_row_inner][vc_row_inner row_type=\u00bbrow\u00bb type=\u00bbfull_width\u00bb text_align=\u00bbleft\u00bb css_animation=\u00bb\u00bb el_class=\u00bbpb-50&#8243;][vc_column_inner css=\u00bb.vc_custom_1633599950380{padding-right: 0px !important;padding-left: 0px !important;}\u00bb][vc_separator type=\u00bbnormal\u00bb color=\u00bb#ffffff\u00bb transparency=\u00bb1&#8243; thickness=\u00bb2&#8243; up=\u00bb0&#8243; down=\u00bb0&#8243;][\/vc_column_inner][\/vc_row_inner][vc_row_inner row_type=\u00bbrow\u00bb type=\u00bbfull_width\u00bb text_align=\u00bbleft\u00bb css_animation=\u00bb\u00bb][vc_column_inner width=\u00bb1\/6&#8243;][\/vc_column_inner][vc_column_inner width=\u00bb2\/3&#8243;][vc_column_text el_class=\u00bbtitolone txt-up txt-white\u00bb]Frutos de agricultura sostenible,[\/vc_column_text][vc_empty_space height=\u00bb50px\u00bb][vc_single_image image=\u00bb689&#8243; img_size=\u00bbfull\u00bb qode_css_animation=\u00bb\u00bb][\/vc_column_inner][vc_column_inner width=\u00bb1\/6&#8243;][\/vc_column_inner][\/vc_row_inner][vc_row_inner row_type=\u00bbrow\u00bb type=\u00bbfull_width\u00bb text_align=\u00bbleft\u00bb css_animation=\u00bb\u00bb el_class=\u00bbpb-65&#8243;][vc_column_inner width=\u00bb1\/6&#8243;][\/vc_column_inner][vc_column_inner width=\u00bb2\/3&#8243;][vc_empty_space height=\u00bb30px\u00bb][vc_column_text]Para Kiwi Passion&#x2122;, sostenibilidad significa escuchar la naturaleza respetando sus tiempos y posibilidades, para garantizar a quien lo necesita una alimentaci\u00f3n sana y disponible para todos, mejorando la seguridad alimentaria, la trazabilidad de todos los procesos de la cadena productiva y garantizando al mismo tiempo el respeto por los trabajadores y los recursos<\/p>\n<p>&nbsp;<\/p>\n<p>Los principios fundamentales en los que nos inspiramos son::<\/p>\n<p>&nbsp;<\/p>\n<p><strong> Ecol\u00f3gicos<\/strong>: respetar el ecosistema<br \/>\n<strong> Econ\u00f3micos<\/strong>: seguir modelos de producci\u00f3n sostenibles.<br \/>\n<strong> Sociales<\/strong>: contribuir al bienestar de los agricultores y de la sociedad.[\/vc_column_text][\/vc_column_inner][vc_column_inner width=\u00bb1\/6&#8243;][\/vc_column_inner][\/vc_row_inner][vc_row_inner row_type=\u00bbrow\u00bb type=\u00bbfull_width\u00bb text_align=\u00bbleft\u00bb css_animation=\u00bb\u00bb el_class=\u00bbpb-100&#8243;][vc_column_inner css=\u00bb.vc_custom_1633599950380{padding-right: 0px !important;padding-left: 0px !important;}\u00bb][vc_separator type=\u00bbnormal\u00bb color=\u00bb#ffffff\u00bb transparency=\u00bb1&#8243; thickness=\u00bb2&#8243; up=\u00bb0&#8243; down=\u00bb0&#8243;][\/vc_column_inner][\/vc_row_inner][\/vc_column][\/vc_row]<\/p>\n<\/div>","protected":false},"excerpt":{"rendered":"<p>[vc_row css_animation=\u00bb\u00bb row_type=\u00bbrow\u00bb use_row_as_full_screen_section=\u00bbno\u00bb type=\u00bbfull_width\u00bb angled_section=\u00bbno\u00bb text_align=\u00bbleft\u00bb background_image_as_pattern=\u00bbwithout_pattern\u00bb css=\u00bb.vc_custom_1633344693523{background-color: #ffffff !important;}\u00bb z_index=\u00bb\u00bb][vc_column][vc_empty_space height=\u00bb15px\u00bb][vc_empty_space height=\u00bb15px\u00bb][\/vc_column][\/vc_row][vc_row css_animation=\u00bb\u00bb row_type=\u00bbrow\u00bb use_row_as_full_screen_section=\u00bbno\u00bb type=\u00bbgrid\u00bb angled_section=\u00bbno\u00bb text_align=\u00bbleft\u00bb background_image_as_pattern=\u00bbwithout_pattern\u00bb z_index=\u00bb\u00bb css=\u00bb.vc_custom_1633598859271{padding-top: 30px !important;background-color: #3fa535 !important;}\u00bb el_class=\u00bbpb-65&#8243;][vc_column][vc_row_inner row_type=\u00bbrow\u00bb type=\u00bbfull_width\u00bb text_align=\u00bbleft\u00bb css_animation=\u00bb\u00bb el_class=\u00bbtxt-white\u00bb][vc_column_inner width=\u00bb1\/6&#8243;][\/vc_column_inner][vc_column_inner width=\u00bb2\/3&#8243;][vc_column_text el_class=\u00bbtitoletto\u00bb]Organic[\/vc_column_text][vc_column_text el_class=\u00bbtitle-60&#8243;] UN BIEN PARA NOSOTROS; UN BIEN PARA EL&#8230;<\/p>\n","protected":false},"author":2,"featured_media":0,"parent":0,"menu_order":4,"comment_status":"closed","ping_status":"closed","template":"full_width.php","meta":{"footnotes":""},"class_list":["post-1301","page","type-page","status-publish","hentry"],"yoast_head":"<!-- This site is optimized with the Yoast SEO plugin v24.0 - https:\/\/yoast.com\/wordpress\/plugins\/seo\/ -->\n<title>Organic: bene per noi, bene per il pianeta - Kiwi Passion<\/title>\n<meta name=\"description\" content=\"Kiwi Passion\u2122 lavora nel rispetto delle risorse naturali con soluzioni attente all\u2019impatto sull\u2019ambiente.\" \/>\n<meta name=\"robots\" content=\"index, follow, max-snippet:-1, max-image-preview:large, max-video-preview:-1\" \/>\n<link rel=\"canonical\" href=\"https:\/\/kiwipassion.it\/es\/organic\/\" \/>\n<meta property=\"og:locale\" content=\"es_ES\" \/>\n<meta property=\"og:type\" content=\"article\" \/>\n<meta property=\"og:title\" content=\"Organic: bene per noi, bene per il pianeta - Kiwi Passion\" \/>\n<meta property=\"og:description\" content=\"Kiwi Passion\u2122 lavora nel rispetto delle risorse naturali con soluzioni attente all\u2019impatto sull\u2019ambiente.\" \/>\n<meta property=\"og:url\" content=\"https:\/\/kiwipassion.it\/es\/organic\/\" \/>\n<meta property=\"og:site_name\" content=\"Kiwi Passion\" \/>\n<meta property=\"article:modified_time\" content=\"2022-01-17T16:23:24+00:00\" \/>\n<meta name=\"twitter:card\" content=\"summary_large_image\" \/>\n<meta name=\"twitter:label1\" content=\"Tiempo de lectura\" \/>\n\t<meta name=\"twitter:data1\" content=\"3 minutos\" \/>\n<script type=\"application\/ld+json\" class=\"yoast-schema-graph\">{\"@context\":\"https:\/\/schema.org\",\"@graph\":[{\"@type\":\"WebPage\",\"@id\":\"https:\/\/kiwipassion.it\/es\/organic\/\",\"url\":\"https:\/\/kiwipassion.it\/es\/organic\/\",\"name\":\"Organic: bene per noi, bene per il pianeta - Kiwi Passion\",\"isPartOf\":{\"@id\":\"https:\/\/kiwipassion.it\/en\/#website\"},\"datePublished\":\"2021-10-07T09:07:23+00:00\",\"dateModified\":\"2022-01-17T16:23:24+00:00\",\"description\":\"Kiwi Passion\u2122 lavora nel rispetto delle risorse naturali con soluzioni attente all\u2019impatto sull\u2019ambiente.\",\"breadcrumb\":{\"@id\":\"https:\/\/kiwipassion.it\/es\/organic\/#breadcrumb\"},\"inLanguage\":\"es\",\"potentialAction\":[{\"@type\":\"ReadAction\",\"target\":[\"https:\/\/kiwipassion.it\/es\/organic\/\"]}]},{\"@type\":\"BreadcrumbList\",\"@id\":\"https:\/\/kiwipassion.it\/es\/organic\/#breadcrumb\",\"itemListElement\":[{\"@type\":\"ListItem\",\"position\":1,\"name\":\"Home\",\"item\":\"https:\/\/kiwipassion.it\/es\/\"},{\"@type\":\"ListItem\",\"position\":2,\"name\":\"Organic\"}]},{\"@type\":\"WebSite\",\"@id\":\"https:\/\/kiwipassion.it\/en\/#website\",\"url\":\"https:\/\/kiwipassion.it\/en\/\",\"name\":\"Kiwi Passion\",\"description\":\"\",\"potentialAction\":[{\"@type\":\"SearchAction\",\"target\":{\"@type\":\"EntryPoint\",\"urlTemplate\":\"https:\/\/kiwipassion.it\/en\/?s={search_term_string}\"},\"query-input\":{\"@type\":\"PropertyValueSpecification\",\"valueRequired\":true,\"valueName\":\"search_term_string\"}}],\"inLanguage\":\"es\"}]}<\/script>\n<!-- \/ Yoast SEO plugin. -->","yoast_head_json":{"title":"Organic: bene per noi, bene per il pianeta - Kiwi Passion","description":"Kiwi Passion\u2122 lavora nel rispetto delle risorse naturali con soluzioni attente all\u2019impatto sull\u2019ambiente.","robots":{"index":"index","follow":"follow","max-snippet":"max-snippet:-1","max-image-preview":"max-image-preview:large","max-video-preview":"max-video-preview:-1"},"canonical":"https:\/\/kiwipassion.it\/es\/organic\/","og_locale":"es_ES","og_type":"article","og_title":"Organic: bene per noi, bene per il pianeta - Kiwi Passion","og_description":"Kiwi Passion\u2122 lavora nel rispetto delle risorse naturali con soluzioni attente all\u2019impatto sull\u2019ambiente.","og_url":"https:\/\/kiwipassion.it\/es\/organic\/","og_site_name":"Kiwi Passion","article_modified_time":"2022-01-17T16:23:24+00:00","twitter_card":"summary_large_image","twitter_misc":{"Tiempo de lectura":"3 minutos"},"schema":{"@context":"https:\/\/schema.org","@graph":[{"@type":"WebPage","@id":"https:\/\/kiwipassion.it\/es\/organic\/","url":"https:\/\/kiwipassion.it\/es\/organic\/","name":"Organic: bene per noi, bene per il pianeta - Kiwi Passion","isPartOf":{"@id":"https:\/\/kiwipassion.it\/en\/#website"},"datePublished":"2021-10-07T09:07:23+00:00","dateModified":"2022-01-17T16:23:24+00:00","description":"Kiwi Passion\u2122 lavora nel rispetto delle risorse naturali con soluzioni attente all\u2019impatto sull\u2019ambiente.","breadcrumb":{"@id":"https:\/\/kiwipassion.it\/es\/organic\/#breadcrumb"},"inLanguage":"es","potentialAction":[{"@type":"ReadAction","target":["https:\/\/kiwipassion.it\/es\/organic\/"]}]},{"@type":"BreadcrumbList","@id":"https:\/\/kiwipassion.it\/es\/organic\/#breadcrumb","itemListElement":[{"@type":"ListItem","position":1,"name":"Home","item":"https:\/\/kiwipassion.it\/es\/"},{"@type":"ListItem","position":2,"name":"Organic"}]},{"@type":"WebSite","@id":"https:\/\/kiwipassion.it\/en\/#website","url":"https:\/\/kiwipassion.it\/en\/","name":"Kiwi Passion","description":"","potentialAction":[{"@type":"SearchAction","target":{"@type":"EntryPoint","urlTemplate":"https:\/\/kiwipassion.it\/en\/?s={search_term_string}"},"query-input":{"@type":"PropertyValueSpecification","valueRequired":true,"valueName":"search_term_string"}}],"inLanguage":"es"}]}},"_links":{"self":[{"href":"https:\/\/kiwipassion.it\/es\/wp-json\/wp\/v2\/pages\/1301","targetHints":{"allow":["GET"]}}],"collection":[{"href":"https:\/\/kiwipassion.it\/es\/wp-json\/wp\/v2\/pages"}],"about":[{"href":"https:\/\/kiwipassion.it\/es\/wp-json\/wp\/v2\/types\/page"}],"author":[{"embeddable":true,"href":"https:\/\/kiwipassion.it\/es\/wp-json\/wp\/v2\/users\/2"}],"replies":[{"embeddable":true,"href":"https:\/\/kiwipassion.it\/es\/wp-json\/wp\/v2\/comments?post=1301"}],"version-history":[{"count":3,"href":"https:\/\/kiwipassion.it\/es\/wp-json\/wp\/v2\/pages\/1301\/revisions"}],"predecessor-version":[{"id":1444,"href":"https:\/\/kiwipassion.it\/es\/wp-json\/wp\/v2\/pages\/1301\/revisions\/1444"}],"wp:attachment":[{"href":"https:\/\/kiwipassion.it\/es\/wp-json\/wp\/v2\/media?parent=1301"}],"curies":[{"name":"wp","href":"https:\/\/api.w.org\/{rel}","templated":true}]}}