{"id":1299,"date":"2021-10-07T09:07:23","date_gmt":"2021-10-07T09:07:23","guid":{"rendered":"https:\/\/kiwipassion.it\/organic\/"},"modified":"2022-01-17T11:30:01","modified_gmt":"2022-01-17T11:30:01","slug":"organic","status":"publish","type":"page","link":"https:\/\/kiwipassion.it\/fr\/organic\/","title":{"rendered":"Organic"},"content":{"rendered":"<div class=\"wpb-content-wrapper\"><p>[vc_row css_animation=\u00a0\u00bb\u00a0\u00bb row_type=\u00a0\u00bbrow\u00a0\u00bb use_row_as_full_screen_section=\u00a0\u00bbno\u00a0\u00bb type=\u00a0\u00bbfull_width\u00a0\u00bb angled_section=\u00a0\u00bbno\u00a0\u00bb text_align=\u00a0\u00bbleft\u00a0\u00bb background_image_as_pattern=\u00a0\u00bbwithout_pattern\u00a0\u00bb css=\u00a0\u00bb.vc_custom_1633344693523{background-color: #ffffff !important;}\u00a0\u00bb z_index=\u00a0\u00bb\u00a0\u00bb][vc_column][vc_empty_space height=\u00a0\u00bb15px\u00a0\u00bb]\n\t\t\t<!-- START Organic REVOLUTION SLIDER 6.7.21 --><p class=\"rs-p-wp-fix\"><\/p>\n\t\t\t<rs-module-wrap id=\"rev_slider_6_1_wrapper\" data-source=\"gallery\" style=\"visibility:hidden;background:transparent;padding:0;\">\n\t\t\t\t<rs-module id=\"rev_slider_6_1\" style=\"\" data-version=\"6.7.21\">\n\t\t\t\t\t<rs-slides style=\"overflow: hidden; position: absolute;\">\n\t\t\t\t\t\t<rs-slide style=\"position: absolute;\" data-key=\"rs-32\" data-title=\"Slide\" data-anim=\"adpr:false;\" data-in=\"o:0;\" data-out=\"a:false;\">\n\t\t\t\t\t\t\t<img decoding=\"async\" src=\"\/\/kiwipassion.it\/wp-content\/plugins\/revslider\/sr6\/assets\/assets\/dummy.png\" alt=\"organic-slide\" title=\"organic-slide\" width=\"1920\" height=\"1080\" class=\"rev-slidebg tp-rs-img rs-lazyload\" data-lazyload=\"\/\/kiwipassion.it\/wp-content\/uploads\/2021\/10\/organic-slide.jpg\" data-no-retina>\n<!--\n\t\t\t\t\t\t\t--><rs-layer\n\t\t\t\t\t\t\t\tid=\"slider-6-slide-32-layer-0\" \n\t\t\t\t\t\t\t\tdata-type=\"image\"\n\t\t\t\t\t\t\t\tdata-rsp_ch=\"on\"\n\t\t\t\t\t\t\t\tdata-xy=\"xo:1320px,1320px,480px,280px;yo:920px,920px,340px,600px;\"\n\t\t\t\t\t\t\t\tdata-text=\"w:normal;s:20,20,7,4;l:0,0,9,6;\"\n\t\t\t\t\t\t\t\tdata-dim=\"w:50px,50px,50px,40px;h:50px,50px,50px,40px;\"\n\t\t\t\t\t\t\t\tdata-vbility=\"t,t,t,f\"\n\t\t\t\t\t\t\t\tdata-frame_1=\"e:power4.inOut;st:100;sR:100;\"\n\t\t\t\t\t\t\t\tdata-frame_999=\"o:0;st:w;sR:8600;\"\n\t\t\t\t\t\t\t\tdata-frame_hover=\"sX:2;sY:2;\"\n\t\t\t\t\t\t\t\tstyle=\"z-index:9;\"\n\t\t\t\t\t\t\t><img decoding=\"async\" src=\"\/\/kiwipassion.it\/wp-content\/plugins\/revslider\/sr6\/assets\/assets\/dummy.png\" alt=\"Facebook icon\" class=\"tp-rs-img rs-lazyload\" width=\"600\" height=\"600\" data-lazyload=\"\/\/kiwipassion.it\/wp-content\/uploads\/2021\/10\/facebook.png\" data-no-retina> \n\t\t\t\t\t\t\t<\/rs-layer><!--\n\n\t\t\t\t\t\t\t--><rs-layer\n\t\t\t\t\t\t\t\tid=\"slider-6-slide-32-layer-1\" \n\t\t\t\t\t\t\t\tdata-type=\"image\"\n\t\t\t\t\t\t\t\tdata-rsp_ch=\"on\"\n\t\t\t\t\t\t\t\tdata-xy=\"xo:1380px,1380px,540px,340px;yo:920px,920px,340px,600px;\"\n\t\t\t\t\t\t\t\tdata-text=\"w:normal;s:20,20,7,4;l:0,0,9,6;\"\n\t\t\t\t\t\t\t\tdata-dim=\"w:50px,50px,50px,40px;h:50px,50px,50px,40px;\"\n\t\t\t\t\t\t\t\tdata-vbility=\"t,t,t,f\"\n\t\t\t\t\t\t\t\tdata-frame_1=\"e:power4.inOut;st:400;sR:400;\"\n\t\t\t\t\t\t\t\tdata-frame_999=\"o:0;st:w;sR:8300;\"\n\t\t\t\t\t\t\t\tdata-frame_hover=\"sX:2;sY:2;\"\n\t\t\t\t\t\t\t\tstyle=\"z-index:10;\"\n\t\t\t\t\t\t\t><img decoding=\"async\" src=\"\/\/kiwipassion.it\/wp-content\/plugins\/revslider\/sr6\/assets\/assets\/dummy.png\" alt=\"Instagram icon\" class=\"tp-rs-img rs-lazyload\" width=\"600\" height=\"600\" data-lazyload=\"\/\/kiwipassion.it\/wp-content\/uploads\/2021\/10\/instagram-1.png\" data-no-retina> \n\t\t\t\t\t\t\t<\/rs-layer><!--\n\n\t\t\t\t\t\t\t--><rs-layer\n\t\t\t\t\t\t\t\tid=\"slider-6-slide-32-layer-2\" \n\t\t\t\t\t\t\t\tdata-type=\"image\"\n\t\t\t\t\t\t\t\tdata-rsp_ch=\"on\"\n\t\t\t\t\t\t\t\tdata-xy=\"xo:1440px,1440px,600px,400px;yo:920px,920px,340px,600px;\"\n\t\t\t\t\t\t\t\tdata-text=\"w:normal;s:20,20,7,4;l:0,0,9,6;\"\n\t\t\t\t\t\t\t\tdata-dim=\"w:50px,50px,50px,40px;h:50px,50px,50px,40px;\"\n\t\t\t\t\t\t\t\tdata-vbility=\"t,t,t,f\"\n\t\t\t\t\t\t\t\tdata-frame_1=\"e:power4.inOut;st:700;sR:700;\"\n\t\t\t\t\t\t\t\tdata-frame_999=\"o:0;st:w;sR:8000;\"\n\t\t\t\t\t\t\t\tdata-frame_hover=\"sX:2;sY:2;\"\n\t\t\t\t\t\t\t\tstyle=\"z-index:11;\"\n\t\t\t\t\t\t\t><img decoding=\"async\" src=\"\/\/kiwipassion.it\/wp-content\/plugins\/revslider\/sr6\/assets\/assets\/dummy.png\" alt=\"\" class=\"tp-rs-img rs-lazyload\" width=\"600\" height=\"600\" data-lazyload=\"\/\/kiwipassion.it\/wp-content\/uploads\/2021\/10\/linkedin-1.png\" data-no-retina> \n\t\t\t\t\t\t\t<\/rs-layer><!--\n\n\t\t\t\t\t\t\t--><rs-layer\n\t\t\t\t\t\t\t\tid=\"slider-6-slide-32-layer-3\" \n\t\t\t\t\t\t\t\tdata-type=\"text\"\n\t\t\t\t\t\t\t\tdata-rsp_ch=\"on\"\n\t\t\t\t\t\t\t\tdata-xy=\"x:c;xo:-190px,-190px,-76px,-80px;y:m;yo:0,0,0,-120px;\"\n\t\t\t\t\t\t\t\tdata-text=\"w:normal;s:90,90,36,50;l:94,94,37,52;\"\n\t\t\t\t\t\t\t\tdata-frame_1=\"e:power4.inOut;st:1000;sp:2000;sR:1000;\"\n\t\t\t\t\t\t\t\tdata-frame_999=\"o:0;st:w;sR:6000;\"\n\t\t\t\t\t\t\t\tstyle=\"z-index:12;font-family:'Noto Serif';text-transform:uppercase;\"\n\t\t\t\t\t\t\t>ORGANIC<br \/>\nPassion \n\t\t\t\t\t\t\t<\/rs-layer><!--\n\n\t\t\t\t\t\t\t--><rs-layer\n\t\t\t\t\t\t\t\tid=\"slider-6-slide-32-layer-4\" \n\t\t\t\t\t\t\t\tdata-type=\"text\"\n\t\t\t\t\t\t\t\tdata-rsp_ch=\"on\"\n\t\t\t\t\t\t\t\tdata-xy=\"x:c;xo:-80px,-80px,-31px,0;y:m;yo:240px,240px,97px,20px;\"\n\t\t\t\t\t\t\t\tdata-text=\"w:normal;s:60,60,24,30;l:64,64,25,34;fw:300;\"\n\t\t\t\t\t\t\t\tdata-dim=\"w:auto,auto,auto,377px;\"\n\t\t\t\t\t\t\t\tdata-frame_0=\"x:50,50,19,11;\"\n\t\t\t\t\t\t\t\tdata-frame_1=\"st:2020;sp:1000;sR:2020;\"\n\t\t\t\t\t\t\t\tdata-frame_999=\"o:0;st:w;sR:5980;\"\n\t\t\t\t\t\t\t\tstyle=\"z-index:13;font-family:'Montserrat';text-transform:uppercase;\"\n\t\t\t\t\t\t\t>Encore meilleur, <br \/>\nm\u00eame avec <br \/>\nla plan\u00e8te \n\t\t\t\t\t\t\t<\/rs-layer><!--\n\n\t\t\t\t\t\t\t--><rs-layer\n\t\t\t\t\t\t\t\tid=\"slider-6-slide-32-layer-5\" \n\t\t\t\t\t\t\t\tdata-type=\"shape\"\n\t\t\t\t\t\t\t\tdata-rsp_ch=\"on\"\n\t\t\t\t\t\t\t\tdata-xy=\"x:c;y:m;\"\n\t\t\t\t\t\t\t\tdata-text=\"w:normal;s:20,20,7,4;l:0,0,9,6;\"\n\t\t\t\t\t\t\t\tdata-dim=\"w:100%;h:100%;\"\n\t\t\t\t\t\t\t\tdata-basealign=\"slide\"\n\t\t\t\t\t\t\t\tdata-frame_999=\"o:0;st:w;sR:8700;\"\n\t\t\t\t\t\t\t\tstyle=\"z-index:8;background-color:rgba(0,0,0,0.2);\"\n\t\t\t\t\t\t\t> \n\t\t\t\t\t\t\t<\/rs-layer><!--\n-->\t\t\t\t\t<\/rs-slide>\n\t\t\t\t\t<\/rs-slides>\n\t\t\t\t<\/rs-module>\n\t\t\t\t<script>\n\t\t\t\t\tsetREVStartSize({c: 'rev_slider_6_1',rl:[1240,1240,778,480],el:[1080,1080,400,720],gw:[1920,1920,778,480],gh:[1080,1080,400,720],type:'standard',justify:'',layout:'fullscreen',offsetContainer:' .fusion-header-wrapper ',offset:'16%',mh:\"0\"});if (window.RS_MODULES!==undefined && window.RS_MODULES.modules!==undefined && window.RS_MODULES.modules[\"revslider61\"]!==undefined) {window.RS_MODULES.modules[\"revslider61\"].once = false;window.revapi6 = undefined;if (window.RS_MODULES.checkMinimal!==undefined) window.RS_MODULES.checkMinimal()}\n\t\t\t\t<\/script>\n\t\t\t<\/rs-module-wrap>\n\t\t\t<!-- END REVOLUTION SLIDER -->\n[vc_empty_space height=\u00a0\u00bb15px\u00a0\u00bb][\/vc_column][\/vc_row][vc_row css_animation=\u00a0\u00bb\u00a0\u00bb row_type=\u00a0\u00bbrow\u00a0\u00bb use_row_as_full_screen_section=\u00a0\u00bbno\u00a0\u00bb type=\u00a0\u00bbgrid\u00a0\u00bb angled_section=\u00a0\u00bbno\u00a0\u00bb text_align=\u00a0\u00bbleft\u00a0\u00bb background_image_as_pattern=\u00a0\u00bbwithout_pattern\u00a0\u00bb z_index=\u00a0\u00bb\u00a0\u00bb css=\u00a0\u00bb.vc_custom_1633598859271{padding-top: 30px !important;background-color: #3fa535 !important;}\u00a0\u00bb el_class=\u00a0\u00bbpb-65&Prime;][vc_column][vc_row_inner row_type=\u00a0\u00bbrow\u00a0\u00bb type=\u00a0\u00bbfull_width\u00a0\u00bb text_align=\u00a0\u00bbleft\u00a0\u00bb css_animation=\u00a0\u00bb\u00a0\u00bb el_class=\u00a0\u00bbtxt-white\u00a0\u00bb][vc_column_inner width=\u00a0\u00bb1\/6&Prime;][\/vc_column_inner][vc_column_inner width=\u00a0\u00bb2\/3&Prime;][vc_column_text el_class=\u00a0\u00bbtitoletto\u00a0\u00bb]Organic[\/vc_column_text][vc_column_text el_class=\u00a0\u00bbtitle-60&Prime;]<\/p>\n<h1>BON POUR NOUS,<br \/>\nBON POUR LA PLAN\u00c8TE.<\/h1>\n<p>[\/vc_column_text][vc_empty_space height=\u00a0\u00bb30px\u00a0\u00bb][vc_column_text el_class=\u00a0\u00bbh2-min\u00a0\u00bb]<\/p>\n<h2>Notre respect pour la terre grandit avec les fruits que nous cultivons et les accompagne jusqu\u2019au bout. Nous veillons \u00e0 minimiser l\u2019impact de nos actions sur l\u2019environnement et \u00e0 promouvoir un mod\u00e8le de comportement responsable conforme aux tendances mondiales et aux attentes des consommateurs.<\/h2>\n<h2><\/h2>\n<h2>Pour nous, \u00eatre durables consiste \u00e0 ne cultiver que des fruits de qualit\u00e9, sains et nutritifs, et \u00e0 optimiser l\u2019utilisation des ressources en eau et en \u00e9nergie, notamment par l\u2019innovation. Nous maintenons cet engagement en soutenant les activit\u00e9s de nos agriculteurs, en encourageant leur croissance ainsi que celle de leurs fruits.<\/h2>\n<p>[\/vc_column_text][\/vc_column_inner][vc_column_inner width=\u00a0\u00bb1\/6&Prime;][\/vc_column_inner][\/vc_row_inner][\/vc_column][\/vc_row][vc_row css_animation=\u00a0\u00bb\u00a0\u00bb row_type=\u00a0\u00bbrow\u00a0\u00bb use_row_as_full_screen_section=\u00a0\u00bbno\u00a0\u00bb type=\u00a0\u00bbfull_width\u00a0\u00bb angled_section=\u00a0\u00bbno\u00a0\u00bb text_align=\u00a0\u00bbleft\u00a0\u00bb background_image_as_pattern=\u00a0\u00bbwithout_pattern\u00a0\u00bb background_image=\u00a0\u00bb957&Prime; el_class=\u00a0\u00bbparallax-sottile\u00a0\u00bb z_index=\u00a0\u00bb\u00a0\u00bb][vc_column][vc_empty_space][\/vc_column][\/vc_row][vc_row css_animation=\u00a0\u00bb\u00a0\u00bb row_type=\u00a0\u00bbrow\u00a0\u00bb use_row_as_full_screen_section=\u00a0\u00bbno\u00a0\u00bb type=\u00a0\u00bbgrid\u00a0\u00bb angled_section=\u00a0\u00bbno\u00a0\u00bb text_align=\u00a0\u00bbleft\u00a0\u00bb background_image_as_pattern=\u00a0\u00bbwithout_pattern\u00a0\u00bb el_class=\u00a0\u00bbbg-verde\u00a0\u00bb z_index=\u00a0\u00bb\u00a0\u00bb css=\u00a0\u00bb.vc_custom_1633599872318{padding-top: 55px !important;}\u00a0\u00bb][vc_column][vc_row_inner row_type=\u00a0\u00bbrow\u00a0\u00bb type=\u00a0\u00bbfull_width\u00a0\u00bb text_align=\u00a0\u00bbleft\u00a0\u00bb css_animation=\u00a0\u00bb\u00a0\u00bb][vc_column_inner width=\u00a0\u00bb1\/6&Prime;][\/vc_column_inner][vc_column_inner width=\u00a0\u00bb2\/3&Prime;][vc_column_text el_class=\u00a0\u00bbtitolone txt-up txt-white\u00a0\u00bb]100%<br \/>\nNATUREL[\/vc_column_text][vc_empty_space height=\u00a0\u00bb50px\u00a0\u00bb][vc_column_text]<img decoding=\"async\" class=\"wp-image-465 size-medium aligncenter\" src=\"\/wp-content\/uploads\/2021\/10\/kiwi-meta.png\" alt=\"\" width=\"1000\" height=\"auto\" \/>[\/vc_column_text][\/vc_column_inner][vc_column_inner width=\u00a0\u00bb1\/6&Prime;][\/vc_column_inner][\/vc_row_inner][vc_row_inner row_type=\u00a0\u00bbrow\u00a0\u00bb type=\u00a0\u00bbfull_width\u00a0\u00bb text_align=\u00a0\u00bbleft\u00a0\u00bb css_animation=\u00a0\u00bb\u00a0\u00bb el_class=\u00a0\u00bbpb-50&Prime;][vc_column_inner width=\u00a0\u00bb1\/6&Prime;][\/vc_column_inner][vc_column_inner width=\u00a0\u00bb2\/3&Prime;][vc_empty_space height=\u00a0\u00bb30px\u00a0\u00bb][vc_column_text]Kiwi Passion&#x2122; travaille dans le respect des ressources naturelles en adoptant des solutions qui tiennent compte de l\u2019impact sur l\u2019environnement qui nous entoure. Une forme de gratitude que nous voulons \u00e9galement manifester par un engagement responsable envers la communaut\u00e9.<\/p>\n<p>&nbsp;<\/p>\n<p>\u2022 <strong> Mat\u00e9riaux recyclables et durables <\/strong> pour nos emballages.<br \/>\n\u2022 <strong> Ressources renouvelables <\/strong> pour l\u2019\u00e9nergie que nous utilisons.<br \/>\n\u2022 <strong> Optimisation des syst\u00e8mes d\u2019irrigation <\/strong> pour \u00e9viter le gaspillage d\u2019un bien pr\u00e9cieux.<br \/>\n\u2022 <strong> Cultures dans le respect des normes <\/strong> utilisant des substances naturelles sans produits de synth\u00e8se, pesticides et engrais chimiques, favorisant la lutte int\u00e9gr\u00e9e contre les maladies.[\/vc_column_text][\/vc_column_inner][vc_column_inner width=\u00a0\u00bb1\/6&Prime;][\/vc_column_inner][\/vc_row_inner][vc_row_inner row_type=\u00a0\u00bbrow\u00a0\u00bb type=\u00a0\u00bbfull_width\u00a0\u00bb text_align=\u00a0\u00bbleft\u00a0\u00bb css_animation=\u00a0\u00bb\u00a0\u00bb el_class=\u00a0\u00bbpb-50&Prime;][vc_column_inner css=\u00a0\u00bb.vc_custom_1633599941903{padding-right: 0px !important;padding-left: 0px !important;}\u00a0\u00bb][vc_separator type=\u00a0\u00bbnormal\u00a0\u00bb color=\u00a0\u00bb#ffffff\u00a0\u00bb transparency=\u00a0\u00bb1&Prime; thickness=\u00a0\u00bb2&Prime; up=\u00a0\u00bb0&Prime; down=\u00a0\u00bb0&Prime;][\/vc_column_inner][\/vc_row_inner][vc_row_inner row_type=\u00a0\u00bbrow\u00a0\u00bb type=\u00a0\u00bbfull_width\u00a0\u00bb text_align=\u00a0\u00bbleft\u00a0\u00bb css_animation=\u00a0\u00bb\u00a0\u00bb css=\u00a0\u00bb.vc_custom_1633428379506{background-image: url(https:\/\/kiwipassion.it\/wp-content\/uploads\/2021\/10\/foglie-bg.png?id=142) !important;}\u00a0\u00bb el_class=\u00a0\u00bbfoglie-bg\u00a0\u00bb][vc_column_inner width=\u00a0\u00bb1\/6&Prime;][\/vc_column_inner][vc_column_inner width=\u00a0\u00bb2\/3&Prime;][vc_column_text el_class=\u00a0\u00bbtitolone txt-up txt-white\u00a0\u00bb]En harmonie avec la nature,[\/vc_column_text][vc_empty_space height=\u00a0\u00bb50px\u00a0\u00bb][vc_column_text]<img loading=\"lazy\" decoding=\"async\" class=\"aligncenter wp-image-147\" src=\"\/wp-content\/uploads\/2021\/10\/kiwi-armonia.png\" alt=\"\" width=\"540\" height=\"460\" \/>[\/vc_column_text][\/vc_column_inner][vc_column_inner width=\u00a0\u00bb1\/6&Prime;][\/vc_column_inner][\/vc_row_inner][vc_row_inner row_type=\u00a0\u00bbrow\u00a0\u00bb type=\u00a0\u00bbfull_width\u00a0\u00bb text_align=\u00a0\u00bbleft\u00a0\u00bb css_animation=\u00a0\u00bb\u00a0\u00bb el_class=\u00a0\u00bbpb-100&Prime;][vc_column_inner width=\u00a0\u00bb1\/6&Prime;][\/vc_column_inner][vc_column_inner width=\u00a0\u00bb2\/3&Prime;][vc_empty_space height=\u00a0\u00bb30px\u00a0\u00bb][vc_column_text]Kiwi passion&#x2122; consacre une grande partie de la production de ses vari\u00e9t\u00e9s \u00e0 la culture biologique, pratiqu\u00e9e dans le plus grand respect de la nature.<br \/>\nGr\u00e2ce \u00e0 une charte de qualit\u00e9 d\u00e9taill\u00e9e et au strict respect des normes europ\u00e9ennes, nous pouvons garantir aux clients et aux consommateurs finaux des fruits naturels, sains et d\u00e9licieux.<br \/>\n[\/vc_column_text][\/vc_column_inner][vc_column_inner width=\u00a0\u00bb1\/6&Prime;][\/vc_column_inner][\/vc_row_inner][vc_row_inner row_type=\u00a0\u00bbrow\u00a0\u00bb type=\u00a0\u00bbfull_width\u00a0\u00bb text_align=\u00a0\u00bbleft\u00a0\u00bb css_animation=\u00a0\u00bb\u00a0\u00bb el_class=\u00a0\u00bbpb-50&Prime;][vc_column_inner css=\u00a0\u00bb.vc_custom_1633599950380{padding-right: 0px !important;padding-left: 0px !important;}\u00a0\u00bb][vc_separator type=\u00a0\u00bbnormal\u00a0\u00bb color=\u00a0\u00bb#ffffff\u00a0\u00bb transparency=\u00a0\u00bb1&Prime; thickness=\u00a0\u00bb2&Prime; up=\u00a0\u00bb0&Prime; down=\u00a0\u00bb0&Prime;][\/vc_column_inner][\/vc_row_inner][vc_row_inner row_type=\u00a0\u00bbrow\u00a0\u00bb type=\u00a0\u00bbfull_width\u00a0\u00bb text_align=\u00a0\u00bbleft\u00a0\u00bb css_animation=\u00a0\u00bb\u00a0\u00bb][vc_column_inner width=\u00a0\u00bb1\/6&Prime;][\/vc_column_inner][vc_column_inner width=\u00a0\u00bb2\/3&Prime;][vc_column_text el_class=\u00a0\u00bbtitolone txt-up txt-white\u00a0\u00bb]FRUIT ISSU D\u2019UNE AGRICULTURE DURABLE,[\/vc_column_text][vc_empty_space height=\u00a0\u00bb50px\u00a0\u00bb][vc_single_image image=\u00a0\u00bb689&Prime; img_size=\u00a0\u00bbfull\u00a0\u00bb qode_css_animation=\u00a0\u00bb\u00a0\u00bb][\/vc_column_inner][vc_column_inner width=\u00a0\u00bb1\/6&Prime;][\/vc_column_inner][\/vc_row_inner][vc_row_inner row_type=\u00a0\u00bbrow\u00a0\u00bb type=\u00a0\u00bbfull_width\u00a0\u00bb text_align=\u00a0\u00bbleft\u00a0\u00bb css_animation=\u00a0\u00bb\u00a0\u00bb el_class=\u00a0\u00bbpb-65&Prime;][vc_column_inner width=\u00a0\u00bb1\/6&Prime;][\/vc_column_inner][vc_column_inner width=\u00a0\u00bb2\/3&Prime;][vc_empty_space height=\u00a0\u00bb30px\u00a0\u00bb][vc_column_text]Pour Kiwi Passion&#x2122;, la durabilit\u00e9 signifie \u00eatre \u00e0 l\u2019\u00e9coute de la nature tout en respectant son temps et ses possibilit\u00e9s, afin de garantir \u00e0 qui en a besoin une alimentation saine et g\u00e9n\u00e9ralis\u00e9e, am\u00e9liorant la s\u00e9curit\u00e9 alimentaire et la tra\u00e7abilit\u00e9 de chaque processus de la fili\u00e8re, tout en assurant le respect des travailleurs et des ressources avec lesquelles ils travaillent.<br \/>\nCes principes fondamentaux nous inspirent:<\/p>\n<p>&nbsp;<\/p>\n<p><strong>\u00c9cologique<\/strong>: \u00eatre respectueux de l\u2019\u00e9cosyst\u00e8me.<br \/>\n<strong>\u00c9conomique<\/strong>: suivre des mod\u00e8les de production durables.<br \/>\n<strong>Social<\/strong>: contribuer au bien-\u00eatre des agriculteurs et de la soci\u00e9t\u00e9.[\/vc_column_text][\/vc_column_inner][vc_column_inner width=\u00a0\u00bb1\/6&Prime;][\/vc_column_inner][\/vc_row_inner][vc_row_inner row_type=\u00a0\u00bbrow\u00a0\u00bb type=\u00a0\u00bbfull_width\u00a0\u00bb text_align=\u00a0\u00bbleft\u00a0\u00bb css_animation=\u00a0\u00bb\u00a0\u00bb el_class=\u00a0\u00bbpb-100&Prime;][vc_column_inner css=\u00a0\u00bb.vc_custom_1633599950380{padding-right: 0px !important;padding-left: 0px !important;}\u00a0\u00bb][vc_separator type=\u00a0\u00bbnormal\u00a0\u00bb color=\u00a0\u00bb#ffffff\u00a0\u00bb transparency=\u00a0\u00bb1&Prime; thickness=\u00a0\u00bb2&Prime; up=\u00a0\u00bb0&Prime; down=\u00a0\u00bb0&Prime;][\/vc_column_inner][\/vc_row_inner][\/vc_column][\/vc_row]<\/p>\n<\/div>","protected":false},"excerpt":{"rendered":"<p>[vc_row css_animation=\u00a0\u00bb\u00a0\u00bb row_type=\u00a0\u00bbrow\u00a0\u00bb use_row_as_full_screen_section=\u00a0\u00bbno\u00a0\u00bb type=\u00a0\u00bbfull_width\u00a0\u00bb angled_section=\u00a0\u00bbno\u00a0\u00bb text_align=\u00a0\u00bbleft\u00a0\u00bb background_image_as_pattern=\u00a0\u00bbwithout_pattern\u00a0\u00bb css=\u00a0\u00bb.vc_custom_1633344693523{background-color: #ffffff !important;}\u00a0\u00bb z_index=\u00a0\u00bb\u00a0\u00bb][vc_column][vc_empty_space height=\u00a0\u00bb15px\u00a0\u00bb][vc_empty_space height=\u00a0\u00bb15px\u00a0\u00bb][\/vc_column][\/vc_row][vc_row css_animation=\u00a0\u00bb\u00a0\u00bb row_type=\u00a0\u00bbrow\u00a0\u00bb use_row_as_full_screen_section=\u00a0\u00bbno\u00a0\u00bb type=\u00a0\u00bbgrid\u00a0\u00bb angled_section=\u00a0\u00bbno\u00a0\u00bb text_align=\u00a0\u00bbleft\u00a0\u00bb background_image_as_pattern=\u00a0\u00bbwithout_pattern\u00a0\u00bb z_index=\u00a0\u00bb\u00a0\u00bb css=\u00a0\u00bb.vc_custom_1633598859271{padding-top: 30px !important;background-color: #3fa535 !important;}\u00a0\u00bb el_class=\u00a0\u00bbpb-65&Prime;][vc_column][vc_row_inner row_type=\u00a0\u00bbrow\u00a0\u00bb type=\u00a0\u00bbfull_width\u00a0\u00bb text_align=\u00a0\u00bbleft\u00a0\u00bb css_animation=\u00a0\u00bb\u00a0\u00bb el_class=\u00a0\u00bbtxt-white\u00a0\u00bb][vc_column_inner width=\u00a0\u00bb1\/6&Prime;][\/vc_column_inner][vc_column_inner width=\u00a0\u00bb2\/3&Prime;][vc_column_text el_class=\u00a0\u00bbtitoletto\u00a0\u00bb]Organic[\/vc_column_text][vc_column_text el_class=\u00a0\u00bbtitle-60&Prime;] BON POUR NOUS, BON POUR LA PLAN\u00c8TE. [\/vc_column_text][vc_empty_space&#8230;<\/p>\n","protected":false},"author":2,"featured_media":0,"parent":0,"menu_order":4,"comment_status":"closed","ping_status":"closed","template":"full_width.php","meta":{"footnotes":""},"class_list":["post-1299","page","type-page","status-publish","hentry"],"yoast_head":"<!-- This site is optimized with the Yoast SEO plugin v24.0 - https:\/\/yoast.com\/wordpress\/plugins\/seo\/ -->\n<title>Organic: bene per noi, bene per il pianeta - Kiwi Passion<\/title>\n<meta name=\"description\" content=\"Kiwi Passion\u2122 lavora nel rispetto delle risorse naturali con soluzioni attente all\u2019impatto sull\u2019ambiente.\" \/>\n<meta name=\"robots\" content=\"index, follow, max-snippet:-1, max-image-preview:large, max-video-preview:-1\" \/>\n<link rel=\"canonical\" href=\"https:\/\/kiwipassion.it\/fr\/organic\/\" \/>\n<meta property=\"og:locale\" content=\"fr_FR\" \/>\n<meta property=\"og:type\" content=\"article\" \/>\n<meta property=\"og:title\" content=\"Organic: bene per noi, bene per il pianeta - Kiwi Passion\" \/>\n<meta property=\"og:description\" content=\"Kiwi Passion\u2122 lavora nel rispetto delle risorse naturali con soluzioni attente all\u2019impatto sull\u2019ambiente.\" \/>\n<meta property=\"og:url\" content=\"https:\/\/kiwipassion.it\/fr\/organic\/\" \/>\n<meta property=\"og:site_name\" content=\"Kiwi Passion\" \/>\n<meta property=\"article:modified_time\" content=\"2022-01-17T11:30:01+00:00\" \/>\n<meta name=\"twitter:card\" content=\"summary_large_image\" \/>\n<meta name=\"twitter:label1\" content=\"Dur\u00e9e de lecture estim\u00e9e\" \/>\n\t<meta name=\"twitter:data1\" content=\"3 minutes\" \/>\n<script type=\"application\/ld+json\" class=\"yoast-schema-graph\">{\"@context\":\"https:\/\/schema.org\",\"@graph\":[{\"@type\":\"WebPage\",\"@id\":\"https:\/\/kiwipassion.it\/fr\/organic\/\",\"url\":\"https:\/\/kiwipassion.it\/fr\/organic\/\",\"name\":\"Organic: bene per noi, bene per il pianeta - Kiwi Passion\",\"isPartOf\":{\"@id\":\"https:\/\/kiwipassion.it\/en\/#website\"},\"datePublished\":\"2021-10-07T09:07:23+00:00\",\"dateModified\":\"2022-01-17T11:30:01+00:00\",\"description\":\"Kiwi Passion\u2122 lavora nel rispetto delle risorse naturali con soluzioni attente all\u2019impatto sull\u2019ambiente.\",\"breadcrumb\":{\"@id\":\"https:\/\/kiwipassion.it\/fr\/organic\/#breadcrumb\"},\"inLanguage\":\"fr-FR\",\"potentialAction\":[{\"@type\":\"ReadAction\",\"target\":[\"https:\/\/kiwipassion.it\/fr\/organic\/\"]}]},{\"@type\":\"BreadcrumbList\",\"@id\":\"https:\/\/kiwipassion.it\/fr\/organic\/#breadcrumb\",\"itemListElement\":[{\"@type\":\"ListItem\",\"position\":1,\"name\":\"Home\",\"item\":\"https:\/\/kiwipassion.it\/fr\/\"},{\"@type\":\"ListItem\",\"position\":2,\"name\":\"Organic\"}]},{\"@type\":\"WebSite\",\"@id\":\"https:\/\/kiwipassion.it\/en\/#website\",\"url\":\"https:\/\/kiwipassion.it\/en\/\",\"name\":\"Kiwi Passion\",\"description\":\"\",\"potentialAction\":[{\"@type\":\"SearchAction\",\"target\":{\"@type\":\"EntryPoint\",\"urlTemplate\":\"https:\/\/kiwipassion.it\/en\/?s={search_term_string}\"},\"query-input\":{\"@type\":\"PropertyValueSpecification\",\"valueRequired\":true,\"valueName\":\"search_term_string\"}}],\"inLanguage\":\"fr-FR\"}]}<\/script>\n<!-- \/ Yoast SEO plugin. -->","yoast_head_json":{"title":"Organic: bene per noi, bene per il pianeta - Kiwi Passion","description":"Kiwi Passion\u2122 lavora nel rispetto delle risorse naturali con soluzioni attente all\u2019impatto sull\u2019ambiente.","robots":{"index":"index","follow":"follow","max-snippet":"max-snippet:-1","max-image-preview":"max-image-preview:large","max-video-preview":"max-video-preview:-1"},"canonical":"https:\/\/kiwipassion.it\/fr\/organic\/","og_locale":"fr_FR","og_type":"article","og_title":"Organic: bene per noi, bene per il pianeta - Kiwi Passion","og_description":"Kiwi Passion\u2122 lavora nel rispetto delle risorse naturali con soluzioni attente all\u2019impatto sull\u2019ambiente.","og_url":"https:\/\/kiwipassion.it\/fr\/organic\/","og_site_name":"Kiwi Passion","article_modified_time":"2022-01-17T11:30:01+00:00","twitter_card":"summary_large_image","twitter_misc":{"Dur\u00e9e de lecture estim\u00e9e":"3 minutes"},"schema":{"@context":"https:\/\/schema.org","@graph":[{"@type":"WebPage","@id":"https:\/\/kiwipassion.it\/fr\/organic\/","url":"https:\/\/kiwipassion.it\/fr\/organic\/","name":"Organic: bene per noi, bene per il pianeta - Kiwi Passion","isPartOf":{"@id":"https:\/\/kiwipassion.it\/en\/#website"},"datePublished":"2021-10-07T09:07:23+00:00","dateModified":"2022-01-17T11:30:01+00:00","description":"Kiwi Passion\u2122 lavora nel rispetto delle risorse naturali con soluzioni attente all\u2019impatto sull\u2019ambiente.","breadcrumb":{"@id":"https:\/\/kiwipassion.it\/fr\/organic\/#breadcrumb"},"inLanguage":"fr-FR","potentialAction":[{"@type":"ReadAction","target":["https:\/\/kiwipassion.it\/fr\/organic\/"]}]},{"@type":"BreadcrumbList","@id":"https:\/\/kiwipassion.it\/fr\/organic\/#breadcrumb","itemListElement":[{"@type":"ListItem","position":1,"name":"Home","item":"https:\/\/kiwipassion.it\/fr\/"},{"@type":"ListItem","position":2,"name":"Organic"}]},{"@type":"WebSite","@id":"https:\/\/kiwipassion.it\/en\/#website","url":"https:\/\/kiwipassion.it\/en\/","name":"Kiwi Passion","description":"","potentialAction":[{"@type":"SearchAction","target":{"@type":"EntryPoint","urlTemplate":"https:\/\/kiwipassion.it\/en\/?s={search_term_string}"},"query-input":{"@type":"PropertyValueSpecification","valueRequired":true,"valueName":"search_term_string"}}],"inLanguage":"fr-FR"}]}},"_links":{"self":[{"href":"https:\/\/kiwipassion.it\/fr\/wp-json\/wp\/v2\/pages\/1299","targetHints":{"allow":["GET"]}}],"collection":[{"href":"https:\/\/kiwipassion.it\/fr\/wp-json\/wp\/v2\/pages"}],"about":[{"href":"https:\/\/kiwipassion.it\/fr\/wp-json\/wp\/v2\/types\/page"}],"author":[{"embeddable":true,"href":"https:\/\/kiwipassion.it\/fr\/wp-json\/wp\/v2\/users\/2"}],"replies":[{"embeddable":true,"href":"https:\/\/kiwipassion.it\/fr\/wp-json\/wp\/v2\/comments?post=1299"}],"version-history":[{"count":3,"href":"https:\/\/kiwipassion.it\/fr\/wp-json\/wp\/v2\/pages\/1299\/revisions"}],"predecessor-version":[{"id":1418,"href":"https:\/\/kiwipassion.it\/fr\/wp-json\/wp\/v2\/pages\/1299\/revisions\/1418"}],"wp:attachment":[{"href":"https:\/\/kiwipassion.it\/fr\/wp-json\/wp\/v2\/media?parent=1299"}],"curies":[{"name":"wp","href":"https:\/\/api.w.org\/{rel}","templated":true}]}}